{"id":135,"date":"2024-11-25T11:21:51","date_gmt":"2024-11-25T11:21:51","guid":{"rendered":"https:\/\/quovadis.gruppolozzieditori.com\/home\/"},"modified":"2025-07-15T07:40:51","modified_gmt":"2025-07-15T07:40:51","slug":"home","status":"publish","type":"page","link":"https:\/\/quovadis.gruppolozzieditori.com\/fr\/","title":{"rendered":"Home"},"content":{"rendered":"<h1>Quo Vadis, pour vous prot\u00e9ger du soleil et ramener chez vous un souvenir unique en son genre.<\/h1>\n<h1>Vous \u00eates touriste ? Mettez-vous la ville en t\u00eate!<\/h1>\n<h1>Quo Vadis, la casquette interactive avec ses informations utiles et ses curiosit\u00e9s sur la ville de Rome&#8230; Vous souhaite la bienvenue.<\/h1>\n<ul>\n<li>\n<\/li>\n<li>\n<\/li>\n<\/ul>\n<p><!--more--><br \/>\n<!-- {\"type\":\"layout\",\"children\":[{\"type\":\"section\",\"props\":{\"animation\":\"fade\",\"height\":\"viewport\",\"height_offset_top\":true,\"height_viewport\":80,\"image_position\":\"center-center\",\"style\":\"default\",\"title_breakpoint\":\"xl\",\"title_position\":\"top-left\",\"title_rotation\":\"left\",\"vertical_align\":\"\",\"width\":\"default\"},\"children\":[{\"type\":\"row\",\"children\":[{\"type\":\"column\",\"props\":{\"image_position\":\"center-center\",\"position_sticky_breakpoint\":\"m\"},\"children\":[{\"type\":\"headline\",\"props\":{\"block_align\":\"center\",\"content\":\"Quo Vadis, pour vous prot\\u00e9ger du soleil et ramener chez vous un souvenir unique en son genre.\",\"maxwidth\":\"2xlarge\",\"text_align\":\"center\",\"title_element\":\"h1\",\"title_style\":\"h2\"}},{\"type\":\"headline\",\"props\":{\"block_align\":\"center\",\"content\":\"Vous \\u00eates touriste ? Mettez-vous la ville en t\\u00eate!\",\"maxwidth\":\"2xlarge\",\"text_align\":\"center\",\"title_element\":\"h1\",\"title_style\":\"h2\"}},{\"type\":\"headline\",\"props\":{\"block_align\":\"center\",\"content\":\"Quo Vadis, la casquette interactive avec ses informations utiles et ses curiosit\\u00e9s sur la ville de Rome... Vous souhaite la bienvenue.\",\"maxwidth\":\"2xlarge\",\"text_align\":\"center\",\"title_element\":\"h1\",\"title_style\":\"h2\"}}]}]},{\"type\":\"row\",\"children\":[{\"type\":\"column\",\"props\":{\"image_position\":\"center-center\",\"position_sticky_breakpoint\":\"m\"},\"children\":[{\"type\":\"grid\",\"props\":{\"content_column_breakpoint\":\"m\",\"filter_align\":\"left\",\"filter_all\":true,\"filter_grid_breakpoint\":\"m\",\"filter_grid_width\":\"auto\",\"filter_position\":\"top\",\"filter_style\":\"tab\",\"grid_default\":\"1\",\"grid_medium\":\"2\",\"icon_width\":80,\"image_align\":\"top\",\"image_grid_breakpoint\":\"m\",\"image_grid_width\":\"1-2\",\"image_svg_color\":\"emphasis\",\"item_animation\":true,\"lightbox_bg_close\":true,\"link_style\":\"primary\",\"link_text\":\"\",\"margin\":\"default\",\"meta_align\":\"below-title\",\"meta_element\":\"div\",\"meta_style\":\"text-meta\",\"panel_link\":true,\"panel_padding\":\"default\",\"panel_style\":\"card-default\",\"show_content\":true,\"show_hover_image\":true,\"show_hover_video\":true,\"show_image\":true,\"show_link\":true,\"show_meta\":true,\"show_title\":true,\"show_video\":true,\"text_align\":\"center\",\"title_align\":\"top\",\"title_element\":\"h3\",\"title_grid_breakpoint\":\"m\",\"title_grid_width\":\"1-2\",\"title_hover_style\":\"reset\",\"title_style\":\"h1\"},\"children\":[{\"type\":\"grid_item\",\"props\":{\"icon\":\"location\",\"link_aria_label\":\"En savoir plus\",\"link_text\":\"En savoir plus\",\"panel_style\":\"card-primary\"},\"source\":{\"query\":{\"name\":\"categories.customCategory\",\"arguments\":{\"id\":17}},\"props\":{\"title\":{\"name\":\"name\"},\"link\":{\"name\":\"link\"}}}},{\"type\":\"grid_item\",\"props\":{\"icon\":\"star\",\"link_aria_label\":\"En savoir plus\",\"link_text\":\"En savoir plus\",\"panel_style\":\"card-secondary\"},\"source\":{\"query\":{\"name\":\"categories.customCategory\",\"arguments\":{\"id\":18}},\"props\":{\"title\":{\"name\":\"name\"},\"link\":{\"name\":\"link\"}}}}]}]}]}],\"name\":\"Hero\"}],\"version\":\"4.5.23\"} --><\/p>\n","protected":false},"excerpt":{"rendered":"<p>Quo Vadis, pour vous prot\u00e9ger du soleil et ramener chez vous un souvenir unique en son genre. Vous \u00eates touriste ? Mettez-vous la ville en t\u00eate! Quo Vadis, la casquette interactive avec ses informations utiles et ses curiosit\u00e9s sur la ville de Rome&#8230; Vous souhaite la bienvenue.<\/p>\n","protected":false},"author":2,"featured_media":0,"parent":0,"menu_order":0,"comment_status":"closed","ping_status":"closed","template":"","meta":{"footnotes":""},"class_list":["post-135","page","type-page","status-publish","hentry"],"_links":{"self":[{"href":"https:\/\/quovadis.gruppolozzieditori.com\/fr\/wp-json\/wp\/v2\/pages\/135","targetHints":{"allow":["GET"]}}],"collection":[{"href":"https:\/\/quovadis.gruppolozzieditori.com\/fr\/wp-json\/wp\/v2\/pages"}],"about":[{"href":"https:\/\/quovadis.gruppolozzieditori.com\/fr\/wp-json\/wp\/v2\/types\/page"}],"author":[{"embeddable":true,"href":"https:\/\/quovadis.gruppolozzieditori.com\/fr\/wp-json\/wp\/v2\/users\/2"}],"replies":[{"embeddable":true,"href":"https:\/\/quovadis.gruppolozzieditori.com\/fr\/wp-json\/wp\/v2\/comments?post=135"}],"version-history":[{"count":5,"href":"https:\/\/quovadis.gruppolozzieditori.com\/fr\/wp-json\/wp\/v2\/pages\/135\/revisions"}],"predecessor-version":[{"id":373,"href":"https:\/\/quovadis.gruppolozzieditori.com\/fr\/wp-json\/wp\/v2\/pages\/135\/revisions\/373"}],"wp:attachment":[{"href":"https:\/\/quovadis.gruppolozzieditori.com\/fr\/wp-json\/wp\/v2\/media?parent=135"}],"curies":[{"name":"wp","href":"https:\/\/api.w.org\/{rel}","templated":true}]}}