{"id":142,"date":"2024-11-25T11:21:51","date_gmt":"2024-11-25T11:21:51","guid":{"rendered":"https:\/\/quovadis.gruppolozzieditori.com\/home\/"},"modified":"2025-07-15T07:41:05","modified_gmt":"2025-07-15T07:41:05","slug":"home","status":"publish","type":"page","link":"https:\/\/quovadis.gruppolozzieditori.com\/de\/","title":{"rendered":"Home"},"content":{"rendered":"<h1>Quo Vadis: sch\u00fctze dich vor der sonne \u2013 und nimm ein ganz besonderes souvenir mit nach hause!<\/h1>\n<h1>Auf entdeckungstour durch rom? Tragen sie Rom einfach auf dem kopf!<\/h1>\n<h1>Die interaktive kappe quo vadis begr\u00fc\u00dft sie mit n\u00fctzlichen infos und spannenden fakten \u00fcber die ewige stadt.<\/h1>\n<ul>\n<li>\n<\/li>\n<li>\n<\/li>\n<\/ul>\n<p><!--more--><br \/>\n<!-- {\"type\":\"layout\",\"children\":[{\"type\":\"section\",\"props\":{\"animation\":\"fade\",\"height\":\"viewport\",\"height_offset_top\":true,\"height_viewport\":80,\"image_position\":\"center-center\",\"style\":\"default\",\"title_breakpoint\":\"xl\",\"title_position\":\"top-left\",\"title_rotation\":\"left\",\"vertical_align\":\"\",\"width\":\"default\"},\"children\":[{\"type\":\"row\",\"children\":[{\"type\":\"column\",\"props\":{\"image_position\":\"center-center\",\"position_sticky_breakpoint\":\"m\"},\"children\":[{\"type\":\"headline\",\"props\":{\"block_align\":\"center\",\"content\":\"Quo Vadis: sch\\u00fctze dich vor der sonne \\u2013 und nimm ein ganz besonderes souvenir mit nach hause!\",\"maxwidth\":\"2xlarge\",\"text_align\":\"center\",\"title_element\":\"h1\",\"title_style\":\"h2\"}},{\"type\":\"headline\",\"props\":{\"block_align\":\"center\",\"content\":\"Auf entdeckungstour durch rom? Tragen sie Rom einfach auf dem kopf!\",\"maxwidth\":\"2xlarge\",\"text_align\":\"center\",\"title_element\":\"h1\",\"title_style\":\"h2\"}},{\"type\":\"headline\",\"props\":{\"block_align\":\"center\",\"content\":\"Die interaktive kappe quo vadis begr\\u00fc\\u00dft sie mit n\\u00fctzlichen infos und spannenden fakten \\u00fcber die ewige stadt.\",\"maxwidth\":\"2xlarge\",\"text_align\":\"center\",\"title_element\":\"h1\",\"title_style\":\"h2\"}}]}]},{\"type\":\"row\",\"children\":[{\"type\":\"column\",\"props\":{\"image_position\":\"center-center\",\"position_sticky_breakpoint\":\"m\"},\"children\":[{\"type\":\"grid\",\"props\":{\"content_column_breakpoint\":\"m\",\"filter_align\":\"left\",\"filter_all\":true,\"filter_grid_breakpoint\":\"m\",\"filter_grid_width\":\"auto\",\"filter_position\":\"top\",\"filter_style\":\"tab\",\"grid_default\":\"1\",\"grid_medium\":\"2\",\"icon_width\":80,\"image_align\":\"top\",\"image_grid_breakpoint\":\"m\",\"image_grid_width\":\"1-2\",\"image_svg_color\":\"emphasis\",\"item_animation\":true,\"lightbox_bg_close\":true,\"link_style\":\"primary\",\"link_text\":\"\",\"margin\":\"default\",\"meta_align\":\"below-title\",\"meta_element\":\"div\",\"meta_style\":\"text-meta\",\"panel_link\":true,\"panel_padding\":\"default\",\"panel_style\":\"card-default\",\"show_content\":true,\"show_hover_image\":true,\"show_hover_video\":true,\"show_image\":true,\"show_link\":true,\"show_meta\":true,\"show_title\":true,\"show_video\":true,\"text_align\":\"center\",\"title_align\":\"top\",\"title_element\":\"h3\",\"title_grid_breakpoint\":\"m\",\"title_grid_width\":\"1-2\",\"title_hover_style\":\"reset\",\"title_style\":\"h1\"},\"children\":[{\"type\":\"grid_item\",\"props\":{\"icon\":\"location\",\"link_aria_label\":\"Mehr lesen\",\"link_text\":\"Mehr lesen\",\"panel_style\":\"card-primary\"},\"source\":{\"query\":{\"name\":\"categories.customCategory\",\"arguments\":{\"id\":17}},\"props\":{\"title\":{\"name\":\"name\"},\"link\":{\"name\":\"link\"}}}},{\"type\":\"grid_item\",\"props\":{\"icon\":\"star\",\"link_aria_label\":\"Mehr lesen\",\"link_text\":\"Mehr lesen\",\"panel_style\":\"card-secondary\"},\"source\":{\"query\":{\"name\":\"categories.customCategory\",\"arguments\":{\"id\":18}},\"props\":{\"title\":{\"name\":\"name\"},\"link\":{\"name\":\"link\"}}}}]}]}]}],\"name\":\"Hero\"}],\"version\":\"4.5.23\"} --><\/p>\n","protected":false},"excerpt":{"rendered":"<p>Quo Vadis: sch\u00fctze dich vor der sonne \u2013 und nimm ein ganz besonderes souvenir mit nach hause! Auf entdeckungstour durch rom? Tragen sie Rom einfach auf dem kopf! Die interaktive kappe quo vadis begr\u00fc\u00dft sie mit n\u00fctzlichen infos und spannenden fakten \u00fcber die ewige stadt.<\/p>\n","protected":false},"author":2,"featured_media":0,"parent":0,"menu_order":0,"comment_status":"closed","ping_status":"closed","template":"","meta":{"footnotes":""},"class_list":["post-142","page","type-page","status-publish","hentry"],"_links":{"self":[{"href":"https:\/\/quovadis.gruppolozzieditori.com\/de\/wp-json\/wp\/v2\/pages\/142","targetHints":{"allow":["GET"]}}],"collection":[{"href":"https:\/\/quovadis.gruppolozzieditori.com\/de\/wp-json\/wp\/v2\/pages"}],"about":[{"href":"https:\/\/quovadis.gruppolozzieditori.com\/de\/wp-json\/wp\/v2\/types\/page"}],"author":[{"embeddable":true,"href":"https:\/\/quovadis.gruppolozzieditori.com\/de\/wp-json\/wp\/v2\/users\/2"}],"replies":[{"embeddable":true,"href":"https:\/\/quovadis.gruppolozzieditori.com\/de\/wp-json\/wp\/v2\/comments?post=142"}],"version-history":[{"count":4,"href":"https:\/\/quovadis.gruppolozzieditori.com\/de\/wp-json\/wp\/v2\/pages\/142\/revisions"}],"predecessor-version":[{"id":374,"href":"https:\/\/quovadis.gruppolozzieditori.com\/de\/wp-json\/wp\/v2\/pages\/142\/revisions\/374"}],"wp:attachment":[{"href":"https:\/\/quovadis.gruppolozzieditori.com\/de\/wp-json\/wp\/v2\/media?parent=142"}],"curies":[{"name":"wp","href":"https:\/\/api.w.org\/{rel}","templated":true}]}}